{"id":19092,"date":"2024-11-07T17:18:07","date_gmt":"2024-11-07T14:18:07","guid":{"rendered":"https:\/\/lessongo.online\/?page_id=19092"},"modified":"2025-08-21T15:42:41","modified_gmt":"2025-08-21T12:42:41","slug":"dashboard","status":"publish","type":"page","link":"https:\/\/lessongo.online\/tr\/dashboard\/","title":{"rendered":"\u0644\u0648\u062d\u0629 \u0627\u0644\u062a\u062d\u0643\u0645"},"content":{"rendered":"<div data-elementor-type=\"wp-page\" data-elementor-id=\"19092\" class=\"elementor elementor-19092\" data-elementor-post-type=\"page\">\n\t\t\t\t<div class=\"elementor-element elementor-element-b95fc18 e-flex e-con-boxed e-con e-parent\" data-id=\"b95fc18\" data-element_type=\"container\" data-e-type=\"container\">\n\t\t\t\t\t<div class=\"e-con-inner\">\n\t\t\t\t<div class=\"elementor-element elementor-element-752ec8a elementor-widget elementor-widget-heading\" data-id=\"752ec8a\" data-element_type=\"widget\" data-e-type=\"widget\" data-widget_type=\"heading.default\">\n\t\t\t\t<div class=\"elementor-widget-container\">\n\t\t\t\t\t<h2 class=\"elementor-heading-title elementor-size-default\"><form name=\"wlsm-login-form\" id=\"wlsm-login-form\" action=\"https:\/\/lessongo.online\/wp-login.php\" method=\"post\"><p class=\"login-username\">\n\t\t\t\t<label for=\"wlsm-login-username\">Kullan\u0131c\u0131 ad\u0131 ya da e-posta adresi<\/label>\n\t\t\t\t<input type=\"text\" name=\"log\" id=\"wlsm-login-username\" autocomplete=\"username\" class=\"input\" value=\"\" size=\"20\" \/>\n\t\t\t<\/p><p class=\"login-password\">\n\t\t\t\t<label for=\"wlsm-login-password\">Parola<\/label>\n\t\t\t\t<input type=\"password\" name=\"pwd\" id=\"wlsm-login-password\" autocomplete=\"current-password\" spellcheck=\"false\" class=\"input\" value=\"\" size=\"20\" \/>\n\t\t\t<\/p><a class=\"lost-pass-link\" href=\"https:\/\/lessongo.online\/tr\/account\/?action=lostpassword\" title=\"Kay\u0131p Parola\">Parolan\u0131z\u0131 m\u0131 unuttunuz?<\/a><p class=\"login-remember\"><label><input name=\"rememberme\" type=\"checkbox\" id=\"wlsm-login-remember\" value=\"forever\" \/> Beni hat\u0131rla<\/label><\/p><p class=\"login-submit\">\n\t\t\t\t<input type=\"submit\" name=\"wp-submit\" id=\"wlsm-login-submit\" class=\"button button-primary\" value=\"Oturum a\u00e7\" \/>\n\t\t\t\t<input type=\"hidden\" name=\"redirect_to\" value=\"https:\/\/lessongo.online\/tr\/wp-json\/wp\/v2\/pages\/19092\" \/>\n\t\t\t<\/p><\/form>\t<a target=\"_blank\" href=\"https:\/\/lessongo.online\/wp-login.php?action=lostpassword&#038;redirect_to=https%3A%2F%2Flessongo.online%2Ftr%2Fwp-json%2Fwp%2Fv2%2Fpages%2F19092\">\n\t\tLost your password?\t<\/a>\n<\/h2>\t\t\t\t<\/div>\n\t\t\t\t<\/div>\n\t\t\t\t\t<\/div>\n\t\t\t\t<\/div>\n\t\t\t\t<\/div>","protected":false},"excerpt":{"rendered":"","protected":false},"author":35,"featured_media":0,"parent":0,"menu_order":0,"comment_status":"closed","ping_status":"closed","template":"","meta":{"rs_blank_template":"","rs_page_bg_color":"","slide_template_v7":"","footnotes":""},"class_list":["post-19092","page","type-page","status-publish","hentry"],"_links":{"self":[{"href":"https:\/\/lessongo.online\/tr\/wp-json\/wp\/v2\/pages\/19092","targetHints":{"allow":["GET"]}}],"collection":[{"href":"https:\/\/lessongo.online\/tr\/wp-json\/wp\/v2\/pages"}],"about":[{"href":"https:\/\/lessongo.online\/tr\/wp-json\/wp\/v2\/types\/page"}],"author":[{"embeddable":true,"href":"https:\/\/lessongo.online\/tr\/wp-json\/wp\/v2\/users\/35"}],"replies":[{"embeddable":true,"href":"https:\/\/lessongo.online\/tr\/wp-json\/wp\/v2\/comments?post=19092"}],"version-history":[{"count":22,"href":"https:\/\/lessongo.online\/tr\/wp-json\/wp\/v2\/pages\/19092\/revisions"}],"predecessor-version":[{"id":24686,"href":"https:\/\/lessongo.online\/tr\/wp-json\/wp\/v2\/pages\/19092\/revisions\/24686"}],"wp:attachment":[{"href":"https:\/\/lessongo.online\/tr\/wp-json\/wp\/v2\/media?parent=19092"}],"curies":[{"name":"wp","href":"https:\/\/api.w.org\/{rel}","templated":true}]}}